{"id":7936,"date":"2017-11-09T23:17:54","date_gmt":"2017-11-10T05:17:54","guid":{"rendered":"https:\/\/iki-alliance.mx\/contacto\/"},"modified":"2018-06-28T13:53:50","modified_gmt":"2018-06-28T18:53:50","slug":"contacto","status":"publish","type":"page","link":"https:\/\/iki-alliance.mx\/en\/contacto\/","title":{"rendered":"Contact"},"content":{"rendered":"<h3 style=\"font-weight: 400;\"><strong>German-Mexican Climate Change Alliance<\/strong><\/h3>\n<p style=\"font-weight: 400;\">Postal address:<\/p>\n<p style=\"font-weight: 400;\">Secretar\u00eda de Medio Ambiente y Recursos Naturales (SEMARNAT)<\/p>\n<p style=\"font-weight: 400;\"><a href=\"https:\/\/maps.google.com\/?q=Avenida+Ej%C3%A9rcito+Nacional+223,+piso+19&amp;entry=gmail&amp;source=g\">Avenida Ej\u00e9rcito Nacional 223<\/a><\/p>\n<p style=\"font-weight: 400;\">Del. Miguel Hidalgo, Col. An\u00e1huac<\/p>\n<p style=\"font-weight: 400;\">11320 Mexico City<\/p>\n<p style=\"font-weight: 400;\">Mexico<\/p>\n<p style=\"font-weight: 400;\">E-mail:\u00a0<a href=\"mailto:iki.alliance.mexico@giz.de\">iki.alliance.mexico@giz.de<\/a><\/p>\n","protected":false},"excerpt":{"rendered":"<p>German-Mexican Climate Change Alliance Postal address: Secretar\u00eda de Medio Ambiente y Recursos Naturales (SEMARNAT) Avenida Ej\u00e9rcito Nacional 223 Del. Miguel Hidalgo, Col. An\u00e1huac 11320 Mexico City Mexico E-mail:\u00a0iki.alliance.mexico@giz.de<\/p>\n","protected":false},"author":64,"featured_media":0,"parent":0,"menu_order":0,"comment_status":"closed","ping_status":"closed","template":"template-contacto.php","meta":{"_acf_changed":false,"footnotes":""},"class_list":["post-7936","page","type-page","status-publish","hentry"],"acf":[],"_links":{"self":[{"href":"https:\/\/iki-alliance.mx\/en\/wp-json\/wp\/v2\/pages\/7936","targetHints":{"allow":["GET"]}}],"collection":[{"href":"https:\/\/iki-alliance.mx\/en\/wp-json\/wp\/v2\/pages"}],"about":[{"href":"https:\/\/iki-alliance.mx\/en\/wp-json\/wp\/v2\/types\/page"}],"author":[{"embeddable":true,"href":"https:\/\/iki-alliance.mx\/en\/wp-json\/wp\/v2\/users\/64"}],"replies":[{"embeddable":true,"href":"https:\/\/iki-alliance.mx\/en\/wp-json\/wp\/v2\/comments?post=7936"}],"version-history":[{"count":5,"href":"https:\/\/iki-alliance.mx\/en\/wp-json\/wp\/v2\/pages\/7936\/revisions"}],"predecessor-version":[{"id":11560,"href":"https:\/\/iki-alliance.mx\/en\/wp-json\/wp\/v2\/pages\/7936\/revisions\/11560"}],"wp:attachment":[{"href":"https:\/\/iki-alliance.mx\/en\/wp-json\/wp\/v2\/media?parent=7936"}],"curies":[{"name":"wp","href":"https:\/\/api.w.org\/{rel}","templated":true}]}}