{"id":7394,"date":"2017-10-17T17:41:42","date_gmt":"2017-10-17T22:41:42","guid":{"rendered":"https:\/\/iki-alliance.mx\/acerca-de\/"},"modified":"2025-07-31T13:42:46","modified_gmt":"2025-07-31T19:42:46","slug":"about","status":"publish","type":"page","link":"http:\/\/iki-alliance.mx\/en\/about\/","title":{"rendered":"About"},"content":{"rendered":"\n<h3 class=\"wp-block-heading\">Sobre la IKI M\u00e9xico<\/h3>\n\n\n\n<p>La <strong>Iniciativa Internacional del Clima (IKI)<\/strong> es un programa del <strong>Gobierno de Alemania<\/strong> que apoya <strong>proyectos clim\u00e1ticos, ambientales y de biodiversidad<\/strong> en pa\u00edses en desarrollo y emergentes.<\/p>\n\n\n\n<div class=\"wp-block-columns is-layout-flex wp-container-core-columns-is-layout-9d6595d7 wp-block-columns-is-layout-flex\">\n<div class=\"wp-block-column is-layout-flow wp-block-column-is-layout-flow\">\n<p>En los \u00faltimos a\u00f1os, la IKI se ha consolidado como un programa central para promover la acci\u00f3n por el clima y la conservaci\u00f3n de la biodiversidad. Desde 2008, Alemania contribuye, a trav\u00e9s de la IKI, a la protecci\u00f3n del clima y la biodiversidad, cumpliendo as\u00ed con sus obligaciones internacionales dentro de la comunidad internacional.<\/p>\n<\/div>\n\n\n\n<div class=\"wp-block-column is-layout-flow wp-block-column-is-layout-flow\">\n<p>Desde el 2022, la IKI es implementada por el Ministerio Federal de Econom\u00eda y Protecci\u00f3n del Clima (BMWK) en estrecha colaboraci\u00f3n con el Ministerio Federal de Medio Ambiente, Conservaci\u00f3n de la Naturaleza, Seguridad Nuclear y Protecci\u00f3n del Consumidor (BMUV) y el Ministerio Federal de Relaciones Exteriores (AA).<\/p>\n<\/div>\n<\/div>\n\n\n\n<div class=\"wp-block-envira-envira-gallery\"><div id=\"envira-gallery-wrap-34096\" class=\"envira-gallery-wrap envira-gallery-theme-base envira-lightbox-theme-base\" itemscope itemtype=\"https:\/\/schema.org\/ImageGallery\"><div data-row-height=\"\" data-gallery-theme=\"\" id=\"envira-gallery-34096\" class=\"envira-gallery-public  envira-gallery-1-columns envira-clear enviratope envira-gallery-css-animations\" data-envira-columns=\"1\"><div id=\"envira-gallery-item-34109\" class=\"envira-gallery-item enviratope-item envira-gallery-item-1 envira-lazy-load\" style=\"padding-left: 5px; padding-bottom: 10px; padding-right: 5px;\"  itemscope itemtype=\"https:\/\/schema.org\/ImageObject\"><div class=\"envira-gallery-item-inner\"><div class=\"envira-gallery-position-overlay  envira-gallery-top-left\"><\/div><div class=\"envira-gallery-position-overlay  envira-gallery-top-right\"><\/div><div class=\"envira-gallery-position-overlay  envira-gallery-bottom-left\"><\/div><div class=\"envira-gallery-position-overlay  envira-gallery-bottom-right\"><\/div><a href=\"https:\/\/iki-alliance.mx\/wp-content\/uploads\/IKI_mapa_julio2025_curvas.png\" class=\"envira-gallery-34096 envira-gallery-link\" rel=\"enviragallery34096\" title=\"IKI_mapa_julio2025_curvas\" data-envira-caption=\"IKI_mapa_julio2025_curvas\" data-envira-retina=\"\" data-thumbnail=\"\"  itemprop=\"contentUrl\"><div class=\"envira-lazy\" data-test-width=\"360\" data-test-height=\"203\" style=\"padding-bottom:56.388888888889%;\"><img decoding=\"async\" id=\"envira-gallery-image-34109\" class=\"envira-gallery-image envira-gallery-image-1\" data-envira-index=\"1\" src=\"https:\/\/iki-alliance.mx\/wp-content\/uploads\/IKI_mapa_julio2025_curvas.png\" data-envira-src=\"https:\/\/iki-alliance.mx\/wp-content\/uploads\/IKI_mapa_julio2025_curvas.png\" data-envira-gallery-id=\"34096\" data-envira-item-id=\"34109\" data-envira-caption=\"IKI_mapa_julio2025_curvas\" alt=\"\" title=\"IKI_mapa_julio2025_curvas\"  itemprop=\"thumbnailUrl\" data-envira-srcset=\"https:\/\/iki-alliance.mx\/wp-content\/uploads\/IKI_mapa_julio2025_curvas.png 400w,https:\/\/iki-alliance.mx\/wp-content\/uploads\/IKI_mapa_julio2025_curvas.png 2x\" srcset=\"data:image\/gif;base64,R0lGODlhAQABAIAAAP\/\/\/\/\/\/\/yH5BAEKAAEALAAAAAABAAEAAAICTAEAOw==\" \/><\/div><\/a><\/div><\/div><\/div><\/div><noscript><img decoding=\"async\" src=\"https:\/\/iki-alliance.mx\/wp-content\/uploads\/IKI_mapa_julio2025_curvas.png\" alt=\"\" \/><\/noscript><\/div>\n\n\n\n<h3 class=\"wp-block-heading\">\u00c1reas de trabajo<\/h3>\n\n\n\n<div class=\"wp-block-columns is-layout-flex wp-container-core-columns-is-layout-9d6595d7 wp-block-columns-is-layout-flex\">\n<div class=\"wp-block-column is-layout-flow wp-block-column-is-layout-flow\"><div class=\"wp-block-image\">\n<figure class=\"aligncenter size-full\"><img loading=\"lazy\" decoding=\"async\" width=\"112\" height=\"112\" src=\"https:\/\/iki-alliance.mx\/wp-content\/uploads\/area-de-trabajo-1.png\" alt=\"\" class=\"wp-image-32780\"\/><\/figure><\/div>\n\n\n<div style=\"height:20px\" aria-hidden=\"true\" class=\"wp-block-spacer\"><\/div>\n\n\n\n<p class=\"has-text-align-center\"><strong><mark style=\"background-color:rgba(0, 0, 0, 0);color:#1e4890\" class=\"has-inline-color\">Mitigaci\u00f3n de gases<br>de efecto invernadero<\/mark><\/strong><\/p>\n<\/div>\n\n\n\n<div class=\"wp-block-column is-layout-flow wp-block-column-is-layout-flow\"><div class=\"wp-block-image\">\n<figure class=\"aligncenter size-full\"><img loading=\"lazy\" decoding=\"async\" width=\"98\" height=\"98\" src=\"https:\/\/iki-alliance.mx\/wp-content\/uploads\/area-de-trabajo-2.png\" alt=\"\" class=\"wp-image-32783\"\/><\/figure><\/div>\n\n\n<div style=\"height:34px\" aria-hidden=\"true\" class=\"wp-block-spacer\"><\/div>\n\n\n\n<p class=\"has-text-align-center\"><strong><mark style=\"background-color:rgba(0, 0, 0, 0);color:#1e4890\" class=\"has-inline-color\">Adaptaci\u00f3n al<br>cambio clim\u00e1tico<\/mark><\/strong><\/p>\n<\/div>\n\n\n\n<div class=\"wp-block-column is-layout-flow wp-block-column-is-layout-flow\"><div class=\"wp-block-image\">\n<figure class=\"aligncenter size-full\"><img loading=\"lazy\" decoding=\"async\" width=\"100\" height=\"100\" src=\"https:\/\/iki-alliance.mx\/wp-content\/uploads\/area-de-trabajo-3.png\" alt=\"\" class=\"wp-image-32786\"\/><\/figure><\/div>\n\n\n<div style=\"height:30px\" aria-hidden=\"true\" class=\"wp-block-spacer\"><\/div>\n\n\n\n<p class=\"has-text-align-center\"><strong><mark style=\"background-color:rgba(0, 0, 0, 0);color:#1e4890\" class=\"has-inline-color\">Conservaci\u00f3n y restauraci\u00f3n de sumideros de carbono natural<\/mark><\/strong><\/p>\n<\/div>\n\n\n\n<div class=\"wp-block-column is-layout-flow wp-block-column-is-layout-flow\"><div class=\"wp-block-image\">\n<figure class=\"aligncenter size-full\"><img loading=\"lazy\" decoding=\"async\" width=\"101\" height=\"101\" src=\"https:\/\/iki-alliance.mx\/wp-content\/uploads\/area-de-trabajo-4.png\" alt=\"\" class=\"wp-image-32789\"\/><\/figure><\/div>\n\n\n<div style=\"height:30px\" aria-hidden=\"true\" class=\"wp-block-spacer\"><\/div>\n\n\n\n<p class=\"has-text-align-center\"><strong><mark style=\"background-color:rgba(0, 0, 0, 0);color:#1e4890\" class=\"has-inline-color\">Conservaci\u00f3n de la<br>biodiversidad<\/mark><\/strong><\/p>\n<\/div>\n<\/div>\n\n\n\n<div class=\"wp-block-columns is-layout-flex wp-container-core-columns-is-layout-9d6595d7 wp-block-columns-is-layout-flex\">\n<div class=\"wp-block-column is-layout-flow wp-block-column-is-layout-flow\"><div class=\"wp-block-image\">\n<figure class=\"alignleft size-full\"><img loading=\"lazy\" decoding=\"async\" width=\"586\" height=\"463\" src=\"https:\/\/iki-alliance.mx\/wp-content\/uploads\/Conservacion-de-la-biodiversidad-img.png\" alt=\"\" class=\"wp-image-32805\" srcset=\"https:\/\/iki-alliance.mx\/wp-content\/uploads\/Conservacion-de-la-biodiversidad-img.png 586w, https:\/\/iki-alliance.mx\/wp-content\/uploads\/Conservacion-de-la-biodiversidad-img-360x284.png 360w\" sizes=\"auto, (max-width: 586px) 100vw, 586px\" \/><\/figure><\/div>\n\n\n<p>Cr\u00e9ditos: Unsplash\/Miguel Urieta&nbsp;<\/p>\n<\/div>\n\n\n\n<div class=\"wp-block-column is-layout-flow wp-block-column-is-layout-flow\">\n<h3 class=\"wp-block-heading\">La IKI combina cuatro \u00e1reas de financiamiento:<\/h3>\n\n\n\n<ol class=\"wp-block-list\">\n<li><strong>Mitigaci\u00f3n de las emisiones de gases de efecto invernadero<\/strong>: hacia la neutralidad clim\u00e1tica mundial para 2050.<\/li>\n\n\n\n<li><strong>Adaptaci\u00f3n a los impactos del cambio clim\u00e1tico<\/strong>: reforzar la resiliencia, aprovechando las interconexiones con los enfoques de mitigaci\u00f3n y biodiversidad.<\/li>\n\n\n\n<li><strong>Preservaci\u00f3n y restauraci\u00f3n de los sumideros de carbono<\/strong>: combatir las causas del calentamiento global y la destrucci\u00f3n de los ecosistemas naturales.<\/li>\n\n\n\n<li><strong>Conservaci\u00f3n de la diversidad biol\u00f3gica<\/strong>: aplicaci\u00f3n del Marco Mundial para la Biodiversidad.<\/li>\n<\/ol>\n\n\n\n<p>A trav\u00e9s de un enfoque integral, la iniciativa fomenta la generaci\u00f3n de capacidades, la implementaci\u00f3n de soluciones innovadoras y el fortalecimiento de alianzas estrat\u00e9gicas para enfrentar la crisis clim\u00e1tica y ambiental.<\/p>\n<\/div>\n<\/div>\n\n\n\n<div class=\"wp-block-columns is-layout-flex wp-container-core-columns-is-layout-9d6595d7 wp-block-columns-is-layout-flex\">\n<div class=\"wp-block-column fondoredondo has-background is-layout-flow wp-block-column-is-layout-flow\" style=\"background-color:#d4ecde\">\n<div style=\"height:40px\" aria-hidden=\"true\" class=\"wp-block-spacer\"><\/div>\n\n\n\n<div class=\"wp-block-columns is-layout-flex wp-container-core-columns-is-layout-9d6595d7 wp-block-columns-is-layout-flex\">\n<div class=\"wp-block-column is-layout-flow wp-block-column-is-layout-flow\">\n<div class=\"wp-block-columns is-not-stacked-on-mobile is-layout-flex wp-container-core-columns-is-layout-9d6595d7 wp-block-columns-is-layout-flex\">\n<div class=\"wp-block-column is-layout-flow wp-block-column-is-layout-flow\" style=\"flex-basis:20px\"><\/div>\n\n\n\n<div class=\"wp-block-column is-layout-flow wp-block-column-is-layout-flow\">\n<h3 class=\"wp-block-heading\"><strong>Interfaz IKI M\u00e9xico<\/strong><\/h3>\n\n\n\n<div class=\"wp-block-columns is-layout-flex wp-container-core-columns-is-layout-9d6595d7 wp-block-columns-is-layout-flex\">\n<div class=\"wp-block-column is-layout-flow wp-block-column-is-layout-flow\">\n<p>M\u00e9xico, uno de los pa\u00edses m\u00e1s megadiversos del mundo, enfrenta desaf\u00edos significativos en materia ambiental. <br><br>Es uno de los mayores emisores de gases de efecto invernadero, con una tasa de urbanizaci\u00f3n cercana al 80 %, lo que ejerce una fuerte presi\u00f3n sobre sus ecosistemas.<br><br>Adem\u00e1s, el pa\u00eds experimenta impactos cada vez m\u00e1s intensos del cambio clim\u00e1tico, como el aumento en la frecuencia e intensidad de sequ\u00edas y huracanes, afectando la seguridad alimentaria y la resiliencia de las comunidades.<\/p>\n\n\n\n<p>Como pa\u00eds prioritario de la IKI \u2013 por su alto potencial de mitigaci\u00f3n y su vulnerabilidad ante el cambio clim\u00e1tico \u2013 M\u00e9xico cuenta con un <strong>proyecto interfaz<\/strong>. Estos proyectos mantienen un estrecho contacto con los ministerios alemanes y facilitan la vinculaci\u00f3n con autoridades nacionales y estatales, asegurando la alineaci\u00f3n de las iniciativas con las prioridades del pa\u00eds en materia de cambio clim\u00e1tico y biodiversidad.<\/p>\n<\/div>\n\n\n\n<div class=\"wp-block-column is-layout-flow wp-block-column-is-layout-flow\"><div class=\"wp-block-image fondoredondo\">\n<figure class=\"aligncenter size-full\"><img loading=\"lazy\" decoding=\"async\" width=\"1080\" height=\"1080\" src=\"https:\/\/iki-alliance.mx\/wp-content\/uploads\/interfaz-iki.jpg\" alt=\"\" class=\"wp-image-34085\" srcset=\"https:\/\/iki-alliance.mx\/wp-content\/uploads\/interfaz-iki.jpg 1080w, https:\/\/iki-alliance.mx\/wp-content\/uploads\/interfaz-iki-360x360.jpg 360w, https:\/\/iki-alliance.mx\/wp-content\/uploads\/interfaz-iki-700x700.jpg 700w, https:\/\/iki-alliance.mx\/wp-content\/uploads\/interfaz-iki-768x768.jpg 768w\" sizes=\"auto, (max-width: 1080px) 100vw, 1080px\" \/><\/figure><\/div>\n\n\n<div style=\"height:10px\" aria-hidden=\"true\" class=\"wp-block-spacer\"><\/div>\n\n\n\n<p>Cr\u00e9ditos: Unsplash<\/p>\n<\/div>\n<\/div>\n\n\n\n<p>En M\u00e9xico, <strong>la Interfaz IKI<\/strong> es parte del proyecto <strong>Alianza Mexicano-Alemana de Cambio Clim\u00e1tico<\/strong>. Como proyecto Interfaz, nos encargamos de fortalecer el sistema de cooperaci\u00f3n entre los proyectos IKI en el pa\u00eds:<\/p>\n\n\n\n<ul class=\"wp-block-list\">\n<li>Facilitamos el di\u00e1logo pol\u00edtico entre Mexico y Alemania en temas de clima y biodiversidad.<\/li>\n\n\n\n<li>Fomentamos el networking y la identificaci\u00f3n de sinergias entre los proyectos IKI.<\/li>\n\n\n\n<li>Promovemos el intercambio y la difusi\u00f3n de experiencias y lecciones aprendidas.<\/li>\n\n\n\n<li>Contribuimos a posicionar y visualizar los impactos del portafolio IKI en la regi\u00f3n.<\/li>\n<\/ul>\n<\/div>\n\n\n\n<div class=\"wp-block-column is-layout-flow wp-block-column-is-layout-flow\" style=\"flex-basis:20px\"><\/div>\n<\/div>\n<\/div>\n<\/div>\n<\/div>\n<\/div>\n\n\n\n<div class=\"wp-block-columns is-layout-flex wp-container-core-columns-is-layout-9d6595d7 wp-block-columns-is-layout-flex\">\n<div class=\"wp-block-column is-layout-flow wp-block-column-is-layout-flow\">\n<h3 class=\"wp-block-heading\"><strong>Interfaz IKI M\u00e9xico<\/strong><\/h3>\n<\/div>\n<\/div>\n\n\n\n<div class=\"wp-block-columns is-layout-flex wp-container-core-columns-is-layout-9d6595d7 wp-block-columns-is-layout-flex\">\n<div class=\"wp-block-column is-layout-flow wp-block-column-is-layout-flow\"><div class=\"wp-block-image\">\n<figure class=\"alignleft size-full\"><img loading=\"lazy\" decoding=\"async\" width=\"586\" height=\"463\" src=\"https:\/\/iki-alliance.mx\/wp-content\/uploads\/interfaz-iki-mexico.png\" alt=\"\" class=\"wp-image-32811\" srcset=\"https:\/\/iki-alliance.mx\/wp-content\/uploads\/interfaz-iki-mexico.png 586w, https:\/\/iki-alliance.mx\/wp-content\/uploads\/interfaz-iki-mexico-360x284.png 360w\" sizes=\"auto, (max-width: 586px) 100vw, 586px\" \/><\/figure><\/div>\n\n\n<p>Cr\u00e9ditos: Unsplash\/Chuttersnap<\/p>\n<\/div>\n\n\n\n<div class=\"wp-block-column is-layout-flow wp-block-column-is-layout-flow\">\n<h3 class=\"wp-block-heading\"><strong>Gesti\u00f3n del conocimiento<\/strong><\/h3>\n\n\n\n<p>La IKI promueve el aprendizaje colectivo y la difusi\u00f3n de soluciones efectivas para enfrentar la crisis clim\u00e1tica y de biodiversidad. <\/p>\n\n\n\n<p>Por ello, colabora con <a href=\"https:\/\/panorama.solutions\/es\" target=\"_blank\" rel=\"noreferrer noopener\">PANORAMA Solutions<\/a>, una plataforma global que recopila, sistematiza y comparte experiencias concretas de \u00e9xito en diversos sectores. PANORAMA transforma el conocimiento local en acci\u00f3n global y cuenta con una d\u00e9cada de trayectoria reuniendo a una comunidad amplia de actores (gobiernos, sociedad civil, expertos y comunidades) que comparten herramientas pr\u00e1cticas, estrategias replicables y aprendizajes clave&nbsp;<\/p>\n\n\n\n<div style=\"height:15px\" aria-hidden=\"true\" class=\"wp-block-spacer\"><\/div>\n\n\n<div class=\"wp-block-image\">\n<figure class=\"alignleft size-full\"><img loading=\"lazy\" decoding=\"async\" width=\"177\" height=\"34\" src=\"https:\/\/iki-alliance.mx\/wp-content\/uploads\/panorama-solutions-logo.png\" alt=\"\" class=\"wp-image-34067\"\/><\/figure><\/div>\n\n\n<div style=\"height:30px\" aria-hidden=\"true\" class=\"wp-block-spacer\"><\/div>\n\n\n\n<div class=\"wp-block-buttons has-custom-font-size has-small-font-size is-layout-flex wp-block-buttons-is-layout-flex\">\n<div class=\"wp-block-button\"><a class=\"wp-block-button__link has-background wp-element-button\" href=\"https:\/\/panorama.solutions\/es\" style=\"background-color:#0f435e\" target=\"_blank\" rel=\"noreferrer noopener\">Conoce la plataforma &gt;<\/a><\/div>\n<\/div>\n<\/div>\n<\/div>\n\n\n\n<div style=\"height:30px\" aria-hidden=\"true\" class=\"wp-block-spacer\"><\/div>\n\n\n\n<div class=\"wp-block-columns is-layout-flex wp-container-core-columns-is-layout-9d6595d7 wp-block-columns-is-layout-flex\">\n<div class=\"wp-block-column fondoredondo has-background is-layout-flow wp-block-column-is-layout-flow\" style=\"background-color:#0f435e\">\n<div style=\"height:40px\" aria-hidden=\"true\" class=\"wp-block-spacer\"><\/div>\n\n\n\n<div class=\"wp-block-columns is-layout-flex wp-container-core-columns-is-layout-9d6595d7 wp-block-columns-is-layout-flex\">\n<div class=\"wp-block-column is-layout-flow wp-block-column-is-layout-flow\">\n<div class=\"wp-block-columns is-not-stacked-on-mobile is-layout-flex wp-container-core-columns-is-layout-9d6595d7 wp-block-columns-is-layout-flex\">\n<div class=\"wp-block-column is-layout-flow wp-block-column-is-layout-flow\" style=\"flex-basis:20px\"><\/div>\n\n\n\n<div class=\"wp-block-column is-layout-flow wp-block-column-is-layout-flow\">\n<h3 class=\"wp-block-heading has-white-color has-text-color has-link-color wp-elements-528e363c342573338a0ec1189aaeb83f\"><strong>Mecanismo Independiente de Quejas (IKI ICM)<\/strong><\/h3>\n\n\n\n<p class=\"has-white-color has-text-color has-link-color wp-elements-4e95dd915c7755392caf6bd7a6fa267f\">Las personas, comunidades u organizaciones que se vean afectadas por proyectos financiados por la IKI cuentan con una <strong>v\u00eda formal para expresar preocupaciones relacionadas con impactos sociales o ambientales negativos<\/strong>, as\u00ed como para reportar el uso indebido de fondos p\u00fablicos.<\/p>\n\n\n\n<p class=\"has-white-color has-text-color has-link-color wp-elements-9f8a3eab9caddf4d04439fff37f0b75f\">Este mecanismo opera de manera <strong>aut\u00f3noma<\/strong> dentro de la agencia federal alemana <strong>Zukunft \u2013 Umwelt \u2013 Gesellschaft (ZUG) gGmbH<\/strong>, asegurando imparcialidad y confidencialidad en el tratamiento de las denuncias.<\/p>\n\n\n\n<div class=\"wp-block-buttons is-layout-flex wp-block-buttons-is-layout-flex\">\n<div class=\"wp-block-button\"><a class=\"wp-block-button__link has-white-background-color has-text-color has-background has-link-color has-small-font-size has-custom-font-size wp-element-button\" href=\"https:\/\/www.international-climate-initiative.com\/en\/about-iki\/values-responsibility\/independent-complaint-mechanism\/\" style=\"color:#0f435e\" target=\"_blank\" rel=\"noreferrer noopener\">Leer m\u00e1s &gt;<\/a><\/div>\n<\/div>\n<\/div>\n\n\n\n<div class=\"wp-block-column is-layout-flow wp-block-column-is-layout-flow\" style=\"flex-basis:20px\"><\/div>\n<\/div>\n<\/div>\n<\/div>\n<\/div>\n<\/div>\n","protected":false},"excerpt":{"rendered":"<p>Sobre la IKI M\u00e9xico La Iniciativa Internacional del Clima (IKI) es un programa del Gobierno de Alemania que apoya proyectos clim\u00e1ticos, ambientales y de biodiversidad en pa\u00edses en desarrollo y emergentes. En los \u00faltimos a\u00f1os, la IKI se ha consolidado como un programa central para promover la acci\u00f3n por el clima y la conservaci\u00f3n de la biodiversidad. Desde 2008, Alemania contribuye, a trav\u00e9s de la IKI, a la protecci\u00f3n del clima y la biodiversidad, cumpliendo as\u00ed con sus obligaciones internacionales dentro de la comunidad internacional. Desde el 2022, la IKI es implementada por el Ministerio Federal de Econom\u00eda y Protecci\u00f3n<\/p>\n","protected":false},"author":60,"featured_media":0,"parent":0,"menu_order":0,"comment_status":"closed","ping_status":"closed","template":"template-about-us.php","meta":{"_acf_changed":false,"footnotes":""},"class_list":["post-7394","page","type-page","status-publish","hentry"],"acf":[],"_links":{"self":[{"href":"http:\/\/iki-alliance.mx\/en\/wp-json\/wp\/v2\/pages\/7394","targetHints":{"allow":["GET"]}}],"collection":[{"href":"http:\/\/iki-alliance.mx\/en\/wp-json\/wp\/v2\/pages"}],"about":[{"href":"http:\/\/iki-alliance.mx\/en\/wp-json\/wp\/v2\/types\/page"}],"author":[{"embeddable":true,"href":"http:\/\/iki-alliance.mx\/en\/wp-json\/wp\/v2\/users\/60"}],"replies":[{"embeddable":true,"href":"http:\/\/iki-alliance.mx\/en\/wp-json\/wp\/v2\/comments?post=7394"}],"version-history":[{"count":34,"href":"http:\/\/iki-alliance.mx\/en\/wp-json\/wp\/v2\/pages\/7394\/revisions"}],"predecessor-version":[{"id":34239,"href":"http:\/\/iki-alliance.mx\/en\/wp-json\/wp\/v2\/pages\/7394\/revisions\/34239"}],"wp:attachment":[{"href":"http:\/\/iki-alliance.mx\/en\/wp-json\/wp\/v2\/media?parent=7394"}],"curies":[{"name":"wp","href":"https:\/\/api.w.org\/{rel}","templated":true}]}}